{"id":1870,"date":"2025-09-03T11:16:31","date_gmt":"2025-09-03T11:16:31","guid":{"rendered":"https:\/\/csvworks.com\/home-2\/"},"modified":"2025-09-07T13:47:41","modified_gmt":"2025-09-07T13:47:41","slug":"home","status":"publish","type":"page","link":"https:\/\/csvworks.com\/pt\/","title":{"rendered":"Lar"},"content":{"rendered":"<!-- ================== HERO SECTION ================== -->\r\n\r\n\r\n<div class=\"wp-block-group alignfull has-white-color has-black-background-color has-text-color has-background\" style=\"padding-top: 52px; padding-bottom: 52px;\">\r\n<div class=\"wp-block-group alignwide\">\r\n<p class=\"is-style-caption\">CSVWorks<\/p>\r\n<h1>Gerador de avalia\u00e7\u00f5es de produtos WooCommerce<\/h1>\r\n<p>Precisa de um <strong>Gerador de avalia\u00e7\u00f5es de produtos WooCommerce<\/strong> que se adapta ao seu fluxo de trabalho? O CSVWorks permite criar ou importar avalia\u00e7\u00f5es aut\u00eanticas em massa via CSV ou IA, atribuir classifica\u00e7\u00f5es, datas e autores e mape\u00e1-los aos produtos \u2014 para que seu cat\u00e1logo seja lan\u00e7ado com feedback \u00fatil desde o primeiro dia.<\/p>\r\n<div class=\"wp-block-buttons\">\r\n<div class=\"wp-block-button\"><a class=\"wp-block-button__link has-black-color has-vivid-yellow-background-color has-text-color has-background\" href=\"#reviews-generator\">Experimente o Gerador de Avalia\u00e7\u00f5es<\/a><\/div>\r\n<div class=\"wp-block-button is-style-outline\"><a class=\"wp-block-button__link wp-element-button is-layout-flow wp-block-group-is-layout-flow\" href=\"\/pt\/csv-templates\/\">Modelos CSV<\/a><\/div>\r\n<\/div>\r\n<!-- Hero image for Yoast: keyphrase in alt -->\r\n\r\n\r\n<figure class=\"wp-block-image aligncenter size-large\" style=\"margin-top: 20px;\"><img decoding=\"async\" src=\"https:\/\/via.placeholder.com\/1200x520.png?text=WooCommerce+Product+Reviews+Generator\" alt=\"Interface do gerador de avalia\u00e7\u00f5es de produtos WooCommerce mostrando op\u00e7\u00f5es de CSV e IA\" \/><\/figure>\r\n\r\n<p class=\"has-small-font-size\">Tamb\u00e9m dispon\u00edvel: <a href=\"\/pt\/woocommerce-random-orders-generator\/\">Gerador de pedidos aleat\u00f3rios WooCommerce<\/a> \u00b7 <a href=\"\/pt\/woocommerce-bulk-coupons-generator\/\">Gerador de cupons em massa WooCommerce<\/a><\/p>\r\n<\/div>\r\n<\/div>\r\n<!-- ================== WHAT CSVWORKS DOES ================== -->\r\n\r\n\r\n<div class=\"wp-block-group alignfull is-layout-flow wp-block-group-is-layout-flow\" style=\"padding-top: 40px; padding-bottom: 26px;\">\r\n<div class=\"wp-block-group alignwide\">\r\n<h2>O que um gerador de avalia\u00e7\u00f5es de produtos WooCommerce faz<\/h2>\r\n<ul>\r\n<li><strong>Crie avalia\u00e7\u00f5es em massa a partir de CSV<\/strong> (autor, classifica\u00e7\u00e3o, data, conte\u00fado, mapeamento de produto).<\/li>\r\n<li><strong>Gere texto de revis\u00e3o com IA<\/strong> (controles de comprimento\/tom) e aprove com um clique.<\/li>\r\n<li>Padr\u00f5es seguros para dados de prepara\u00e7\u00e3o\/demonstra\u00e7\u00e3o; r\u00f3tulos claros para modera\u00e7\u00e3o.<\/li>\r\n<li>Compat\u00edvel com <a href=\"https:\/\/wordpress.org\/plugins\/product-import-export-for-woo\/\" target=\"_blank\" rel=\"noopener\">Importa\u00e7\u00e3o\/Exporta\u00e7\u00e3o WebToffee<\/a> para importa\u00e7\u00e3o perfeita.<\/li>\r\n<\/ul>\r\n<\/div>\r\n<\/div>\r\n<!-- ================== WHY SEED REVIEWS ================== -->\r\n\r\n\r\n<div class=\"wp-block-group alignfull has-border-color has-light-gray-border-color\" style=\"border-top-width: 1px; border-bottom-width: 1px; padding-top: 20px; padding-bottom: 20px;\">\r\n<div class=\"wp-block-group alignwide is-layout-flow wp-block-group-is-layout-flow\">\r\n<h2>Por que semear avalia\u00e7\u00f5es com um gerador de avalia\u00e7\u00f5es de produtos WooCommerce?<\/h2>\r\n<p>Acelere o lan\u00e7amento e a migra\u00e7\u00e3o de novos produtos, forne\u00e7a feedback estruturado aos compradores (pr\u00f3s\/contras, avalia\u00e7\u00f5es com estrelas) e mantenha o controle aprovando\/recusando antes da publica\u00e7\u00e3o. Distribuir avalia\u00e7\u00f5es realistas ajuda o merchandising, os filtros e as facetas de pesquisa a funcionarem conforme o esperado na entrada em opera\u00e7\u00e3o.<\/p>\r\n<!-- supporting image -->\r\n\r\n\r\n<figure class=\"wp-block-image aligncenter size-large\"><img decoding=\"async\" src=\"https:\/\/via.placeholder.com\/960x420.png?text=Seed+Reviews+for+WooCommerce\" alt=\"Avalia\u00e7\u00f5es de sementes no WooCommerce usando um gerador de avalia\u00e7\u00f5es de produtos para melhorar a qualidade do lan\u00e7amento\" \/><\/figure>\r\n<\/div>\r\n<\/div>\r\n<!-- ================== HOW IT WORKS ================== -->\r\n\r\n\r\n<div class=\"wp-block-group alignfull is-layout-flow wp-block-group-is-layout-flow\" style=\"padding-top: 26px; padding-bottom: 26px;\">\r\n<div class=\"wp-block-group alignwide\">\r\n<h2>Como funciona o gerador de avalia\u00e7\u00f5es de IA do WooCommerce<\/h2>\r\n<ul>\r\n<li>Exporte ou prepare um CSV de avalia\u00e7\u00f5es (ou clique em \u201cGerar com IA\u201d).<\/li>\r\n<li>Campos do mapa \u2192 IDs\/SKUs do produto \u2192 visualizar para precis\u00e3o.<\/li>\r\n<li>Importar para WooCommerce com <a href=\"https:\/\/www.webtoffee.com\/product\/woocommerce-product-import-export-plugin\/\" target=\"_blank\" rel=\"noopener\">Importa\u00e7\u00e3o\/Exporta\u00e7\u00e3o WebToffee<\/a>.<\/li>\r\n<\/ul>\r\n<p class=\"is-style-subtext\">Dica: use IDs para mapeamento de produtos quando poss\u00edvel para reduzir erros de remapeamento e importa\u00e7\u00e3o.<\/p>\r\n<\/div>\r\n<\/div>\r\n<!-- ================== LIVE GENERATOR SHORTCODE ================== -->\r\n\r\n\r\n<div id=\"reviews-generator\" class=\"wp-block-group alignfull has-light-gray-background-color has-background\" style=\"padding-top: 30px; padding-bottom: 30px;\">\r\n<div class=\"wp-block-group alignwide is-layout-flow wp-block-group-is-layout-flow\">\r\n<h2>Experimente o gerador de avalia\u00e7\u00f5es de produtos WooCommerce agora<\/h2>\r\n<div class=\"notice notice-info\"><p><b>CSVWorks Reviews:<\/b> The generator is hidden in previews\/editors. View the published page to use it.<\/p><\/div>\n<\/div>\r\n<\/div>\r\n<!-- ================== RESOURCES ================== -->\r\n\r\n\r\n<div class=\"wp-block-group alignfull is-layout-flow wp-block-group-is-layout-flow\" style=\"padding-top: 28px; padding-bottom: 28px;\">\r\n<div class=\"wp-block-group alignwide\">\r\n<h2>Recursos e modelos para avalia\u00e7\u00f5es<\/h2>\r\n<ul>\r\n<li><a href=\"\/pt\/csv-templates\/\">Modelos CSV<\/a> \u2014 Avalia\u00e7\u00f5es, pedidos, cupons.<\/li>\r\n<li><a href=\"\/pt\/docs\/reviews-csv-template\/\">Modelo CSV de avalia\u00e7\u00f5es do WooCommerce<\/a><\/li>\r\n<li><a href=\"\/pt\/docs\/import-woocommerce-reviews\/\">Importar avalia\u00e7\u00f5es do WooCommerce de CSV<\/a><\/li>\r\n<li><a href=\"\/pt\/docs\/ai-reviews-generator-guide\/\">Guia do gerador de avalia\u00e7\u00f5es de IA do WooCommerce<\/a><\/li>\r\n<\/ul>\r\n<\/div>\r\n<\/div>\r\n<!-- ================== FAQ (adds content + SEO) ================== -->\r\n\r\n\r\n<div class=\"wp-block-group alignfull has-border-color has-light-gray-border-color is-layout-flow wp-block-group-is-layout-flow\" style=\"border-top-width: 1px; padding-top: 20px; padding-bottom: 40px;\">\r\n<div class=\"wp-block-group alignwide\">\r\n<h2>Perguntas frequentes sobre o gerador de avalia\u00e7\u00f5es de produtos WooCommerce<\/h2>\r\n<h3>Posso importar avalia\u00e7\u00f5es existentes de outra loja?<\/h3>\r\n<p>Sim \u2014 exporte para CSV e importe para WooCommerce com nosso mapeamento. Siga os passos na <a href=\"\/pt\/docs\/import-woocommerce-reviews\/\">guia de importa\u00e7\u00e3o<\/a>.<\/p>\r\n<h3>As estrelas das avalia\u00e7\u00f5es ser\u00e3o exibidas no Google?<\/h3>\r\n<p>Somente quando a marca\u00e7\u00e3o de avalia\u00e7\u00e3o v\u00e1lida corresponde \u00e0s avalia\u00e7\u00f5es vis\u00edveis e o Google decide exibi-la. N\u00e3o adicionamos marca\u00e7\u00e3o de avalia\u00e7\u00e3o na p\u00e1gina inicial.<\/p>\r\n<h3>Isto \u00e9 para avalia\u00e7\u00f5es falsas?<\/h3>\r\n<p>N\u00e3o. A ferramenta suporta gera\u00e7\u00e3o e migra\u00e7\u00e3o de dados de demonstra\u00e7\u00e3o\/teste. Marque apenas avalia\u00e7\u00f5es reais e vis\u00edveis.<\/p>\r\n<\/div>\r\n<\/div>\r\n\r\n<p>&nbsp;<\/p>","protected":false},"excerpt":{"rendered":"<p>What a WooCommerce Product Reviews Generator Does Bulk create reviews from CSV (author, rating, date, content, product mapping). Generate review text with AI (length\/tone controls), then approve with one click. Safe defaults for staging\/demo data; clear labels for moderation. Compatible with WebToffee Import\/Export for seamless import. How the WooCommerce AI Reviews Generator Works Export or [&hellip;]<\/p>","protected":false},"author":1,"featured_media":0,"parent":0,"menu_order":0,"comment_status":"closed","ping_status":"closed","template":"","meta":{"footnotes":""},"class_list":["post-1870","page","type-page","status-publish","hentry"],"yoast_head":"<!-- This site is optimized with the Yoast SEO plugin v25.8 - https:\/\/yoast.com\/wordpress\/plugins\/seo\/ -->\n<title>WooCommerce Product Reviews Generator | CSVWorks<\/title>\n<meta name=\"description\" content=\"Generate or import WooCommerce product reviews in bulk. CSVWorks also includes random orders and bulk coupons generators. WebToffee compatible\" \/>\n<meta name=\"robots\" content=\"index, follow, max-snippet:-1, max-image-preview:large, max-video-preview:-1\" \/>\n<link rel=\"canonical\" href=\"https:\/\/csvworks.com\/pt\/\" \/>\n<meta property=\"og:locale\" content=\"pt_PT\" \/>\n<meta property=\"og:type\" content=\"article\" \/>\n<meta property=\"og:title\" content=\"WooCommerce Product Reviews Generator | CSVWorks\" \/>\n<meta property=\"og:description\" content=\"Generate or import WooCommerce product reviews in bulk. CSVWorks also includes random orders and bulk coupons generators. WebToffee compatible\" \/>\n<meta property=\"og:url\" content=\"https:\/\/csvworks.com\/pt\/\" \/>\n<meta property=\"og:site_name\" content=\"CSVWorks \u2013 WooCommerce Generators (Reviews, Orders, Coupons)\" \/>\n<meta property=\"article:modified_time\" content=\"2025-09-07T13:47:41+00:00\" \/>\n<meta property=\"og:image\" content=\"https:\/\/via.placeholder.com\/1200x520.png?text=WooCommerce+Product+Reviews+Generator\" \/>\n<meta name=\"twitter:card\" content=\"summary_large_image\" \/>\n<meta name=\"twitter:label1\" content=\"Tempo estimado de leitura\" \/>\n\t<meta name=\"twitter:data1\" content=\"2 minutos\" \/>\n<script type=\"application\/ld+json\" class=\"yoast-schema-graph\">{\"@context\":\"https:\/\/schema.org\",\"@graph\":[{\"@type\":\"WebPage\",\"@id\":\"https:\/\/csvworks.com\/\",\"url\":\"https:\/\/csvworks.com\/\",\"name\":\"WooCommerce Product Reviews Generator | CSVWorks\",\"isPartOf\":{\"@id\":\"https:\/\/csvworks.com\/#website\"},\"primaryImageOfPage\":{\"@id\":\"https:\/\/csvworks.com\/#primaryimage\"},\"image\":{\"@id\":\"https:\/\/csvworks.com\/#primaryimage\"},\"thumbnailUrl\":\"https:\/\/via.placeholder.com\/1200x520.png?text=WooCommerce+Product+Reviews+Generator\",\"datePublished\":\"2025-09-03T11:16:31+00:00\",\"dateModified\":\"2025-09-07T13:47:41+00:00\",\"description\":\"Generate or import WooCommerce product reviews in bulk. CSVWorks also includes random orders and bulk coupons generators. WebToffee compatible\",\"breadcrumb\":{\"@id\":\"https:\/\/csvworks.com\/#breadcrumb\"},\"inLanguage\":\"pt-PT\",\"potentialAction\":[{\"@type\":\"ReadAction\",\"target\":[\"https:\/\/csvworks.com\/\"]}]},{\"@type\":\"ImageObject\",\"inLanguage\":\"pt-PT\",\"@id\":\"https:\/\/csvworks.com\/#primaryimage\",\"url\":\"https:\/\/via.placeholder.com\/1200x520.png?text=WooCommerce+Product+Reviews+Generator\",\"contentUrl\":\"https:\/\/via.placeholder.com\/1200x520.png?text=WooCommerce+Product+Reviews+Generator\"},{\"@type\":\"BreadcrumbList\",\"@id\":\"https:\/\/csvworks.com\/#breadcrumb\",\"itemListElement\":[{\"@type\":\"ListItem\",\"position\":1,\"name\":\"Home\",\"item\":\"https:\/\/csvworks.com\/\"},{\"@type\":\"ListItem\",\"position\":2,\"name\":\"Home\"}]},{\"@type\":\"WebSite\",\"@id\":\"https:\/\/csvworks.com\/#website\",\"url\":\"https:\/\/csvworks.com\/\",\"name\":\"CSVWorks\",\"description\":\"Generate WooCommerce reviews, orders, and coupons in bulk with CSV.\",\"publisher\":{\"@id\":\"https:\/\/csvworks.com\/#organization\"},\"alternateName\":\"CSVWorks \u2013 WooCommerce Generators\",\"potentialAction\":[{\"@type\":\"SearchAction\",\"target\":{\"@type\":\"EntryPoint\",\"urlTemplate\":\"https:\/\/csvworks.com\/?s={search_term_string}\"},\"query-input\":{\"@type\":\"PropertyValueSpecification\",\"valueRequired\":true,\"valueName\":\"search_term_string\"}}],\"inLanguage\":\"pt-PT\"},{\"@type\":\"Organization\",\"@id\":\"https:\/\/csvworks.com\/#organization\",\"name\":\"CSVWorks\",\"url\":\"https:\/\/csvworks.com\/\",\"logo\":{\"@type\":\"ImageObject\",\"inLanguage\":\"pt-PT\",\"@id\":\"https:\/\/csvworks.com\/#\/schema\/logo\/image\/\",\"url\":\"https:\/\/csvworks.com\/wp-content\/uploads\/2025\/09\/LOGO-1.png\",\"contentUrl\":\"https:\/\/csvworks.com\/wp-content\/uploads\/2025\/09\/LOGO-1.png\",\"width\":1024,\"height\":1024,\"caption\":\"CSVWorks\"},\"image\":{\"@id\":\"https:\/\/csvworks.com\/#\/schema\/logo\/image\/\"}}]}<\/script>\n<!-- \/ Yoast SEO plugin. -->","yoast_head_json":{"title":"Gerador de avalia\u00e7\u00f5es de produtos WooCommerce | CSVWorks","description":"Gere ou importe avalia\u00e7\u00f5es de produtos WooCommerce em massa. O CSVWorks tamb\u00e9m inclui pedidos aleat\u00f3rios e geradores de cupons em massa. Compat\u00edvel com WebToffee.","robots":{"index":"index","follow":"follow","max-snippet":"max-snippet:-1","max-image-preview":"max-image-preview:large","max-video-preview":"max-video-preview:-1"},"canonical":"https:\/\/csvworks.com\/pt\/","og_locale":"pt_PT","og_type":"article","og_title":"WooCommerce Product Reviews Generator | CSVWorks","og_description":"Generate or import WooCommerce product reviews in bulk. CSVWorks also includes random orders and bulk coupons generators. WebToffee compatible","og_url":"https:\/\/csvworks.com\/pt\/","og_site_name":"CSVWorks \u2013 WooCommerce Generators (Reviews, Orders, Coupons)","article_modified_time":"2025-09-07T13:47:41+00:00","og_image":[{"url":"https:\/\/via.placeholder.com\/1200x520.png?text=WooCommerce+Product+Reviews+Generator","type":"","width":"","height":""}],"twitter_card":"summary_large_image","twitter_misc":{"Tempo estimado de leitura":"2 minutos"},"schema":{"@context":"https:\/\/schema.org","@graph":[{"@type":"WebPage","@id":"https:\/\/csvworks.com\/","url":"https:\/\/csvworks.com\/","name":"Gerador de avalia\u00e7\u00f5es de produtos WooCommerce | CSVWorks","isPartOf":{"@id":"https:\/\/csvworks.com\/#website"},"primaryImageOfPage":{"@id":"https:\/\/csvworks.com\/#primaryimage"},"image":{"@id":"https:\/\/csvworks.com\/#primaryimage"},"thumbnailUrl":"https:\/\/via.placeholder.com\/1200x520.png?text=WooCommerce+Product+Reviews+Generator","datePublished":"2025-09-03T11:16:31+00:00","dateModified":"2025-09-07T13:47:41+00:00","description":"Gere ou importe avalia\u00e7\u00f5es de produtos WooCommerce em massa. O CSVWorks tamb\u00e9m inclui pedidos aleat\u00f3rios e geradores de cupons em massa. Compat\u00edvel com WebToffee.","breadcrumb":{"@id":"https:\/\/csvworks.com\/#breadcrumb"},"inLanguage":"pt-PT","potentialAction":[{"@type":"ReadAction","target":["https:\/\/csvworks.com\/"]}]},{"@type":"ImageObject","inLanguage":"pt-PT","@id":"https:\/\/csvworks.com\/#primaryimage","url":"https:\/\/via.placeholder.com\/1200x520.png?text=WooCommerce+Product+Reviews+Generator","contentUrl":"https:\/\/via.placeholder.com\/1200x520.png?text=WooCommerce+Product+Reviews+Generator"},{"@type":"BreadcrumbList","@id":"https:\/\/csvworks.com\/#breadcrumb","itemListElement":[{"@type":"ListItem","position":1,"name":"Home","item":"https:\/\/csvworks.com\/"},{"@type":"ListItem","position":2,"name":"Home"}]},{"@type":"WebSite","@id":"https:\/\/csvworks.com\/#website","url":"https:\/\/csvworks.com\/","name":"CSVWorks","description":"Gere avalia\u00e7\u00f5es, pedidos e cupons do WooCommerce em massa com CSV.","publisher":{"@id":"https:\/\/csvworks.com\/#organization"},"alternateName":"CSVWorks \u2013 WooCommerce Generators","potentialAction":[{"@type":"SearchAction","target":{"@type":"EntryPoint","urlTemplate":"https:\/\/csvworks.com\/?s={search_term_string}"},"query-input":{"@type":"PropertyValueSpecification","valueRequired":true,"valueName":"search_term_string"}}],"inLanguage":"pt-PT"},{"@type":"Organization","@id":"https:\/\/csvworks.com\/#organization","name":"CSVWorks","url":"https:\/\/csvworks.com\/","logo":{"@type":"ImageObject","inLanguage":"pt-PT","@id":"https:\/\/csvworks.com\/#\/schema\/logo\/image\/","url":"https:\/\/csvworks.com\/wp-content\/uploads\/2025\/09\/LOGO-1.png","contentUrl":"https:\/\/csvworks.com\/wp-content\/uploads\/2025\/09\/LOGO-1.png","width":1024,"height":1024,"caption":"CSVWorks"},"image":{"@id":"https:\/\/csvworks.com\/#\/schema\/logo\/image\/"}}]}},"_hostinger_reach_plugin_has_subscription_block":false,"_hostinger_reach_plugin_is_elementor":false,"_links":{"self":[{"href":"https:\/\/csvworks.com\/pt\/wp-json\/wp\/v2\/pages\/1870","targetHints":{"allow":["GET"]}}],"collection":[{"href":"https:\/\/csvworks.com\/pt\/wp-json\/wp\/v2\/pages"}],"about":[{"href":"https:\/\/csvworks.com\/pt\/wp-json\/wp\/v2\/types\/page"}],"author":[{"embeddable":true,"href":"https:\/\/csvworks.com\/pt\/wp-json\/wp\/v2\/users\/1"}],"replies":[{"embeddable":true,"href":"https:\/\/csvworks.com\/pt\/wp-json\/wp\/v2\/comments?post=1870"}],"version-history":[{"count":19,"href":"https:\/\/csvworks.com\/pt\/wp-json\/wp\/v2\/pages\/1870\/revisions"}],"predecessor-version":[{"id":2107,"href":"https:\/\/csvworks.com\/pt\/wp-json\/wp\/v2\/pages\/1870\/revisions\/2107"}],"wp:attachment":[{"href":"https:\/\/csvworks.com\/pt\/wp-json\/wp\/v2\/media?parent=1870"}],"curies":[{"name":"wp","href":"https:\/\/api.w.org\/{rel}","templated":true}]}}