{"id":1870,"date":"2025-09-03T11:16:31","date_gmt":"2025-09-03T11:16:31","guid":{"rendered":"https:\/\/csvworks.com\/home-2\/"},"modified":"2025-09-07T13:47:41","modified_gmt":"2025-09-07T13:47:41","slug":"home","status":"publish","type":"page","link":"https:\/\/csvworks.com\/fr\/","title":{"rendered":"Maison"},"content":{"rendered":"<!-- ================== HERO SECTION ================== -->\r\n\r\n\r\n<div class=\"wp-block-group alignfull has-white-color has-black-background-color has-text-color has-background\" style=\"padding-top: 52px; padding-bottom: 52px;\">\r\n<div class=\"wp-block-group alignwide\">\r\n<p class=\"is-style-caption\">CSVWorks<\/p>\r\n<h1>G\u00e9n\u00e9rateur d&#039;avis sur les produits WooCommerce<\/h1>\r\n<p>Besoin d&#039;un <strong>G\u00e9n\u00e9rateur d&#039;avis sur les produits WooCommerce<\/strong> Adapt\u00e9 \u00e0 votre flux de travail\u00a0? CSVWorks vous permet de cr\u00e9er ou d&#039;importer des avis authentiques en masse via CSV ou IA, d&#039;attribuer des notes, des dates, des auteurs et de les associer \u00e0 des produits. Ainsi, votre catalogue est lanc\u00e9 avec des commentaires utiles d\u00e8s le premier jour.<\/p>\r\n<div class=\"wp-block-buttons\">\r\n<div class=\"wp-block-button\"><a class=\"wp-block-button__link has-black-color has-vivid-yellow-background-color has-text-color has-background\" href=\"#reviews-generator\">Essayez le g\u00e9n\u00e9rateur d&#039;avis<\/a><\/div>\r\n<div class=\"wp-block-button is-style-outline\"><a class=\"wp-block-button__link wp-element-button is-layout-flow wp-block-group-is-layout-flow\" href=\"\/fr\/csv-templates\/\">Mod\u00e8les CSV<\/a><\/div>\r\n<\/div>\r\n<!-- Hero image for Yoast: keyphrase in alt -->\r\n\r\n\r\n<figure class=\"wp-block-image aligncenter size-large\" style=\"margin-top: 20px;\"><img decoding=\"async\" src=\"https:\/\/via.placeholder.com\/1200x520.png?text=WooCommerce+Product+Reviews+Generator\" alt=\"Interface du g\u00e9n\u00e9rateur d&#039;avis sur les produits WooCommerce affichant les options CSV et AI\" \/><\/figure>\r\n\r\n<p class=\"has-small-font-size\">\u00c9galement disponible : <a href=\"\/fr\/woocommerce-random-orders-generator\/\">G\u00e9n\u00e9rateur de commandes al\u00e9atoires WooCommerce<\/a> \u00b7 <a href=\"\/fr\/woocommerce-bulk-coupons-generator\/\">G\u00e9n\u00e9rateur de coupons en gros WooCommerce<\/a><\/p>\r\n<\/div>\r\n<\/div>\r\n<!-- ================== WHAT CSVWORKS DOES ================== -->\r\n\r\n\r\n<div class=\"wp-block-group alignfull is-layout-flow wp-block-group-is-layout-flow\" style=\"padding-top: 40px; padding-bottom: 26px;\">\r\n<div class=\"wp-block-group alignwide\">\r\n<h2>\u00c0 quoi sert un g\u00e9n\u00e9rateur d&#039;avis sur les produits WooCommerce\u00a0?<\/h2>\r\n<ul>\r\n<li><strong>Cr\u00e9er des avis en masse \u00e0 partir d&#039;un fichier CSV<\/strong> (auteur, note, date, contenu, cartographie du produit).<\/li>\r\n<li><strong>G\u00e9n\u00e9rer un texte d&#039;avis avec l&#039;IA<\/strong> (contr\u00f4les de longueur\/tonalit\u00e9), puis validez en un clic.<\/li>\r\n<li>Valeurs par d\u00e9faut s\u00e9curis\u00e9es pour les donn\u00e9es de pr\u00e9paration\/d\u00e9monstration\u00a0; \u00e9tiquettes claires pour la mod\u00e9ration.<\/li>\r\n<li>Compatible avec <a href=\"https:\/\/wordpress.org\/plugins\/product-import-export-for-woo\/\" target=\"_blank\" rel=\"noopener\">Importation\/exportation WebToffee<\/a> pour une importation transparente.<\/li>\r\n<\/ul>\r\n<\/div>\r\n<\/div>\r\n<!-- ================== WHY SEED REVIEWS ================== -->\r\n\r\n\r\n<div class=\"wp-block-group alignfull has-border-color has-light-gray-border-color\" style=\"border-top-width: 1px; border-bottom-width: 1px; padding-top: 20px; padding-bottom: 20px;\">\r\n<div class=\"wp-block-group alignwide is-layout-flow wp-block-group-is-layout-flow\">\r\n<h2>Pourquoi g\u00e9n\u00e9rer des avis avec un g\u00e9n\u00e9rateur d&#039;avis sur les produits WooCommerce\u00a0?<\/h2>\r\n<p>Acc\u00e9l\u00e9rez le lancement et la migration de nouveaux produits, donnez aux acheteurs des retours structur\u00e9s (avantages\/inconv\u00e9nients, notes) et gardez le contr\u00f4le en approuvant ou en refusant les produits avant publication. La diffusion d&#039;avis r\u00e9alistes permet au merchandising, aux filtres et aux facettes de recherche de fonctionner comme pr\u00e9vu d\u00e8s la mise en ligne.<\/p>\r\n<!-- supporting image -->\r\n\r\n\r\n<figure class=\"wp-block-image aligncenter size-large\"><img decoding=\"async\" src=\"https:\/\/via.placeholder.com\/960x420.png?text=Seed+Reviews+for+WooCommerce\" alt=\"G\u00e9n\u00e9rez des avis sur les semences dans WooCommerce \u00e0 l&#039;aide d&#039;un g\u00e9n\u00e9rateur d&#039;avis sur les produits pour am\u00e9liorer la qualit\u00e9 du lancement\" \/><\/figure>\r\n<\/div>\r\n<\/div>\r\n<!-- ================== HOW IT WORKS ================== -->\r\n\r\n\r\n<div class=\"wp-block-group alignfull is-layout-flow wp-block-group-is-layout-flow\" style=\"padding-top: 26px; padding-bottom: 26px;\">\r\n<div class=\"wp-block-group alignwide\">\r\n<h2>Comment fonctionne le g\u00e9n\u00e9rateur d&#039;avis WooCommerce AI<\/h2>\r\n<ul>\r\n<li>Exportez ou pr\u00e9parez un fichier CSV d\u2019avis (ou cliquez sur \u00ab\u00a0G\u00e9n\u00e9rer avec l\u2019IA\u00a0\u00bb).<\/li>\r\n<li>Champs de carte \u2192 ID\/SKU de produit \u2192 aper\u00e7u pour plus de pr\u00e9cision.<\/li>\r\n<li>Importer vers WooCommerce avec <a href=\"https:\/\/www.webtoffee.com\/product\/woocommerce-product-import-export-plugin\/\" target=\"_blank\" rel=\"noopener\">Importation\/exportation WebToffee<\/a>.<\/li>\r\n<\/ul>\r\n<p class=\"is-style-subtext\">Conseil\u00a0: utilisez des identifiants pour le mappage des produits lorsque cela est possible afin de r\u00e9duire les erreurs de remappage et d\u2019importation.<\/p>\r\n<\/div>\r\n<\/div>\r\n<!-- ================== LIVE GENERATOR SHORTCODE ================== -->\r\n\r\n\r\n<div id=\"reviews-generator\" class=\"wp-block-group alignfull has-light-gray-background-color has-background\" style=\"padding-top: 30px; padding-bottom: 30px;\">\r\n<div class=\"wp-block-group alignwide is-layout-flow wp-block-group-is-layout-flow\">\r\n<h2>Essayez le g\u00e9n\u00e9rateur d&#039;avis produits WooCommerce maintenant<\/h2>\r\n<div class=\"notice notice-info\"><p><b>CSVWorks Reviews:<\/b> The generator is hidden in previews\/editors. View the published page to use it.<\/p><\/div>\n<\/div>\r\n<\/div>\r\n<!-- ================== RESOURCES ================== -->\r\n\r\n\r\n<div class=\"wp-block-group alignfull is-layout-flow wp-block-group-is-layout-flow\" style=\"padding-top: 28px; padding-bottom: 28px;\">\r\n<div class=\"wp-block-group alignwide\">\r\n<h2>Ressources et mod\u00e8les pour les avis<\/h2>\r\n<ul>\r\n<li><a href=\"\/fr\/csv-templates\/\">Mod\u00e8les CSV<\/a> \u2014 Avis, commandes, coupons.<\/li>\r\n<li><a href=\"\/fr\/docs\/reviews-csv-template\/\">Mod\u00e8le CSV d&#039;avis WooCommerce<\/a><\/li>\r\n<li><a href=\"\/fr\/docs\/import-woocommerce-reviews\/\">Importer des avis WooCommerce \u00e0 partir d&#039;un fichier CSV<\/a><\/li>\r\n<li><a href=\"\/fr\/docs\/ai-reviews-generator-guide\/\">Guide du g\u00e9n\u00e9rateur d&#039;avis sur WooCommerce AI<\/a><\/li>\r\n<\/ul>\r\n<\/div>\r\n<\/div>\r\n<!-- ================== FAQ (adds content + SEO) ================== -->\r\n\r\n\r\n<div class=\"wp-block-group alignfull has-border-color has-light-gray-border-color is-layout-flow wp-block-group-is-layout-flow\" style=\"border-top-width: 1px; padding-top: 20px; padding-bottom: 40px;\">\r\n<div class=\"wp-block-group alignwide\">\r\n<h2>FAQ sur le g\u00e9n\u00e9rateur d&#039;avis sur les produits WooCommerce<\/h2>\r\n<h3>Puis-je importer des avis existants d&#039;une autre boutique ?<\/h3>\r\n<p>Oui, exportez au format CSV et importez dans WooCommerce gr\u00e2ce \u00e0 notre mappage. Suivez les \u00e9tapes d\u00e9crites dans le <a href=\"\/fr\/docs\/import-woocommerce-reviews\/\">guide d&#039;importation<\/a>.<\/p>\r\n<h3>Les \u00e9toiles d&#039;avis s&#039;afficheront-elles dans Google\u00a0?<\/h3>\r\n<p>Uniquement lorsque le balisage d&#039;avis valide correspond aux avis visibles et que Google choisit de l&#039;afficher. Nous n&#039;ajoutons pas de balisage d&#039;avis sur la page d&#039;accueil.<\/p>\r\n<h3>Est-ce pour de fausses critiques ?<\/h3>\r\n<p>Non. L&#039;outil prend en charge la g\u00e9n\u00e9ration et la migration de donn\u00e9es de d\u00e9monstration\/test. N&#039;annotez que les avis r\u00e9els et visibles.<\/p>\r\n<\/div>\r\n<\/div>\r\n\r\n<p>&nbsp;<\/p>","protected":false},"excerpt":{"rendered":"<p>What a WooCommerce Product Reviews Generator Does Bulk create reviews from CSV (author, rating, date, content, product mapping). Generate review text with AI (length\/tone controls), then approve with one click. Safe defaults for staging\/demo data; clear labels for moderation. Compatible with WebToffee Import\/Export for seamless import. How the WooCommerce AI Reviews Generator Works Export or [&hellip;]<\/p>","protected":false},"author":1,"featured_media":0,"parent":0,"menu_order":0,"comment_status":"closed","ping_status":"closed","template":"","meta":{"footnotes":""},"class_list":["post-1870","page","type-page","status-publish","hentry"],"yoast_head":"<!-- This site is optimized with the Yoast SEO plugin v25.8 - https:\/\/yoast.com\/wordpress\/plugins\/seo\/ -->\n<title>WooCommerce Product Reviews Generator | CSVWorks<\/title>\n<meta name=\"description\" content=\"Generate or import WooCommerce product reviews in bulk. CSVWorks also includes random orders and bulk coupons generators. WebToffee compatible\" \/>\n<meta name=\"robots\" content=\"index, follow, max-snippet:-1, max-image-preview:large, max-video-preview:-1\" \/>\n<link rel=\"canonical\" href=\"https:\/\/csvworks.com\/fr\/\" \/>\n<meta property=\"og:locale\" content=\"fr_FR\" \/>\n<meta property=\"og:type\" content=\"article\" \/>\n<meta property=\"og:title\" content=\"WooCommerce Product Reviews Generator | CSVWorks\" \/>\n<meta property=\"og:description\" content=\"Generate or import WooCommerce product reviews in bulk. CSVWorks also includes random orders and bulk coupons generators. WebToffee compatible\" \/>\n<meta property=\"og:url\" content=\"https:\/\/csvworks.com\/fr\/\" \/>\n<meta property=\"og:site_name\" content=\"CSVWorks \u2013 WooCommerce Generators (Reviews, Orders, Coupons)\" \/>\n<meta property=\"article:modified_time\" content=\"2025-09-07T13:47:41+00:00\" \/>\n<meta property=\"og:image\" content=\"https:\/\/via.placeholder.com\/1200x520.png?text=WooCommerce+Product+Reviews+Generator\" \/>\n<meta name=\"twitter:card\" content=\"summary_large_image\" \/>\n<meta name=\"twitter:label1\" content=\"Dur\u00e9e de lecture estim\u00e9e\" \/>\n\t<meta name=\"twitter:data1\" content=\"2 minutes\" \/>\n<script type=\"application\/ld+json\" class=\"yoast-schema-graph\">{\"@context\":\"https:\/\/schema.org\",\"@graph\":[{\"@type\":\"WebPage\",\"@id\":\"https:\/\/csvworks.com\/\",\"url\":\"https:\/\/csvworks.com\/\",\"name\":\"WooCommerce Product Reviews Generator | CSVWorks\",\"isPartOf\":{\"@id\":\"https:\/\/csvworks.com\/#website\"},\"primaryImageOfPage\":{\"@id\":\"https:\/\/csvworks.com\/#primaryimage\"},\"image\":{\"@id\":\"https:\/\/csvworks.com\/#primaryimage\"},\"thumbnailUrl\":\"https:\/\/via.placeholder.com\/1200x520.png?text=WooCommerce+Product+Reviews+Generator\",\"datePublished\":\"2025-09-03T11:16:31+00:00\",\"dateModified\":\"2025-09-07T13:47:41+00:00\",\"description\":\"Generate or import WooCommerce product reviews in bulk. CSVWorks also includes random orders and bulk coupons generators. WebToffee compatible\",\"breadcrumb\":{\"@id\":\"https:\/\/csvworks.com\/#breadcrumb\"},\"inLanguage\":\"fr-FR\",\"potentialAction\":[{\"@type\":\"ReadAction\",\"target\":[\"https:\/\/csvworks.com\/\"]}]},{\"@type\":\"ImageObject\",\"inLanguage\":\"fr-FR\",\"@id\":\"https:\/\/csvworks.com\/#primaryimage\",\"url\":\"https:\/\/via.placeholder.com\/1200x520.png?text=WooCommerce+Product+Reviews+Generator\",\"contentUrl\":\"https:\/\/via.placeholder.com\/1200x520.png?text=WooCommerce+Product+Reviews+Generator\"},{\"@type\":\"BreadcrumbList\",\"@id\":\"https:\/\/csvworks.com\/#breadcrumb\",\"itemListElement\":[{\"@type\":\"ListItem\",\"position\":1,\"name\":\"Home\",\"item\":\"https:\/\/csvworks.com\/\"},{\"@type\":\"ListItem\",\"position\":2,\"name\":\"Home\"}]},{\"@type\":\"WebSite\",\"@id\":\"https:\/\/csvworks.com\/#website\",\"url\":\"https:\/\/csvworks.com\/\",\"name\":\"CSVWorks\",\"description\":\"Generate WooCommerce reviews, orders, and coupons in bulk with CSV.\",\"publisher\":{\"@id\":\"https:\/\/csvworks.com\/#organization\"},\"alternateName\":\"CSVWorks \u2013 WooCommerce Generators\",\"potentialAction\":[{\"@type\":\"SearchAction\",\"target\":{\"@type\":\"EntryPoint\",\"urlTemplate\":\"https:\/\/csvworks.com\/?s={search_term_string}\"},\"query-input\":{\"@type\":\"PropertyValueSpecification\",\"valueRequired\":true,\"valueName\":\"search_term_string\"}}],\"inLanguage\":\"fr-FR\"},{\"@type\":\"Organization\",\"@id\":\"https:\/\/csvworks.com\/#organization\",\"name\":\"CSVWorks\",\"url\":\"https:\/\/csvworks.com\/\",\"logo\":{\"@type\":\"ImageObject\",\"inLanguage\":\"fr-FR\",\"@id\":\"https:\/\/csvworks.com\/#\/schema\/logo\/image\/\",\"url\":\"https:\/\/csvworks.com\/wp-content\/uploads\/2025\/09\/LOGO-1.png\",\"contentUrl\":\"https:\/\/csvworks.com\/wp-content\/uploads\/2025\/09\/LOGO-1.png\",\"width\":1024,\"height\":1024,\"caption\":\"CSVWorks\"},\"image\":{\"@id\":\"https:\/\/csvworks.com\/#\/schema\/logo\/image\/\"}}]}<\/script>\n<!-- \/ Yoast SEO plugin. -->","yoast_head_json":{"title":"G\u00e9n\u00e9rateur d&#039;avis produits WooCommerce | CSVWorks","description":"G\u00e9n\u00e9rez ou importez des avis produits WooCommerce en masse. CSVWorks inclut \u00e9galement des g\u00e9n\u00e9rateurs de commandes al\u00e9atoires et de coupons group\u00e9s. Compatible avec WebToffee.","robots":{"index":"index","follow":"follow","max-snippet":"max-snippet:-1","max-image-preview":"max-image-preview:large","max-video-preview":"max-video-preview:-1"},"canonical":"https:\/\/csvworks.com\/fr\/","og_locale":"fr_FR","og_type":"article","og_title":"WooCommerce Product Reviews Generator | CSVWorks","og_description":"Generate or import WooCommerce product reviews in bulk. CSVWorks also includes random orders and bulk coupons generators. WebToffee compatible","og_url":"https:\/\/csvworks.com\/fr\/","og_site_name":"CSVWorks \u2013 WooCommerce Generators (Reviews, Orders, Coupons)","article_modified_time":"2025-09-07T13:47:41+00:00","og_image":[{"url":"https:\/\/via.placeholder.com\/1200x520.png?text=WooCommerce+Product+Reviews+Generator","type":"","width":"","height":""}],"twitter_card":"summary_large_image","twitter_misc":{"Dur\u00e9e de lecture estim\u00e9e":"2 minutes"},"schema":{"@context":"https:\/\/schema.org","@graph":[{"@type":"WebPage","@id":"https:\/\/csvworks.com\/","url":"https:\/\/csvworks.com\/","name":"G\u00e9n\u00e9rateur d&#039;avis produits WooCommerce | CSVWorks","isPartOf":{"@id":"https:\/\/csvworks.com\/#website"},"primaryImageOfPage":{"@id":"https:\/\/csvworks.com\/#primaryimage"},"image":{"@id":"https:\/\/csvworks.com\/#primaryimage"},"thumbnailUrl":"https:\/\/via.placeholder.com\/1200x520.png?text=WooCommerce+Product+Reviews+Generator","datePublished":"2025-09-03T11:16:31+00:00","dateModified":"2025-09-07T13:47:41+00:00","description":"G\u00e9n\u00e9rez ou importez des avis produits WooCommerce en masse. CSVWorks inclut \u00e9galement des g\u00e9n\u00e9rateurs de commandes al\u00e9atoires et de coupons group\u00e9s. Compatible avec WebToffee.","breadcrumb":{"@id":"https:\/\/csvworks.com\/#breadcrumb"},"inLanguage":"fr-FR","potentialAction":[{"@type":"ReadAction","target":["https:\/\/csvworks.com\/"]}]},{"@type":"ImageObject","inLanguage":"fr-FR","@id":"https:\/\/csvworks.com\/#primaryimage","url":"https:\/\/via.placeholder.com\/1200x520.png?text=WooCommerce+Product+Reviews+Generator","contentUrl":"https:\/\/via.placeholder.com\/1200x520.png?text=WooCommerce+Product+Reviews+Generator"},{"@type":"BreadcrumbList","@id":"https:\/\/csvworks.com\/#breadcrumb","itemListElement":[{"@type":"ListItem","position":1,"name":"Home","item":"https:\/\/csvworks.com\/"},{"@type":"ListItem","position":2,"name":"Home"}]},{"@type":"WebSite","@id":"https:\/\/csvworks.com\/#website","url":"https:\/\/csvworks.com\/","name":"CSVWorks","description":"G\u00e9n\u00e9rez des avis, des commandes et des coupons WooCommerce en masse avec CSV.","publisher":{"@id":"https:\/\/csvworks.com\/#organization"},"alternateName":"CSVWorks \u2013 WooCommerce Generators","potentialAction":[{"@type":"SearchAction","target":{"@type":"EntryPoint","urlTemplate":"https:\/\/csvworks.com\/?s={search_term_string}"},"query-input":{"@type":"PropertyValueSpecification","valueRequired":true,"valueName":"search_term_string"}}],"inLanguage":"fr-FR"},{"@type":"Organization","@id":"https:\/\/csvworks.com\/#organization","name":"CSVWorks","url":"https:\/\/csvworks.com\/","logo":{"@type":"ImageObject","inLanguage":"fr-FR","@id":"https:\/\/csvworks.com\/#\/schema\/logo\/image\/","url":"https:\/\/csvworks.com\/wp-content\/uploads\/2025\/09\/LOGO-1.png","contentUrl":"https:\/\/csvworks.com\/wp-content\/uploads\/2025\/09\/LOGO-1.png","width":1024,"height":1024,"caption":"CSVWorks"},"image":{"@id":"https:\/\/csvworks.com\/#\/schema\/logo\/image\/"}}]}},"_hostinger_reach_plugin_has_subscription_block":false,"_hostinger_reach_plugin_is_elementor":false,"_links":{"self":[{"href":"https:\/\/csvworks.com\/fr\/wp-json\/wp\/v2\/pages\/1870","targetHints":{"allow":["GET"]}}],"collection":[{"href":"https:\/\/csvworks.com\/fr\/wp-json\/wp\/v2\/pages"}],"about":[{"href":"https:\/\/csvworks.com\/fr\/wp-json\/wp\/v2\/types\/page"}],"author":[{"embeddable":true,"href":"https:\/\/csvworks.com\/fr\/wp-json\/wp\/v2\/users\/1"}],"replies":[{"embeddable":true,"href":"https:\/\/csvworks.com\/fr\/wp-json\/wp\/v2\/comments?post=1870"}],"version-history":[{"count":19,"href":"https:\/\/csvworks.com\/fr\/wp-json\/wp\/v2\/pages\/1870\/revisions"}],"predecessor-version":[{"id":2107,"href":"https:\/\/csvworks.com\/fr\/wp-json\/wp\/v2\/pages\/1870\/revisions\/2107"}],"wp:attachment":[{"href":"https:\/\/csvworks.com\/fr\/wp-json\/wp\/v2\/media?parent=1870"}],"curies":[{"name":"wp","href":"https:\/\/api.w.org\/{rel}","templated":true}]}}