{"id":1870,"date":"2025-09-03T11:16:31","date_gmt":"2025-09-03T11:16:31","guid":{"rendered":"https:\/\/csvworks.com\/home-2\/"},"modified":"2025-09-07T13:47:41","modified_gmt":"2025-09-07T13:47:41","slug":"home","status":"publish","type":"page","link":"https:\/\/csvworks.com\/es\/","title":{"rendered":"Inicio"},"content":{"rendered":"<!-- ================== HERO SECTION ================== -->\r\n\r\n\r\n<div class=\"wp-block-group alignfull has-white-color has-black-background-color has-text-color has-background\" style=\"padding-top: 52px; padding-bottom: 52px;\">\r\n<div class=\"wp-block-group alignwide\">\r\n<p class=\"is-style-caption\">CSVWorks<\/p>\r\n<h1>Generador de rese\u00f1as de productos WooCommerce<\/h1>\r\n<p>Necesita un <strong>Generador de rese\u00f1as de productos WooCommerce<\/strong> que se adapte a su flujo de trabajo? CSVWorks le permite crear o importar rese\u00f1as de aspecto aut\u00e9ntico de forma masiva a trav\u00e9s de CSV o AI, asignar valoraciones, fechas, autores y asignarlas a productos, para que su cat\u00e1logo se lance con comentarios \u00fatiles desde el primer d\u00eda.<\/p>\r\n<div class=\"wp-block-buttons\">\r\n<div class=\"wp-block-button\"><a class=\"wp-block-button__link has-black-color has-vivid-yellow-background-color has-text-color has-background\" href=\"#reviews-generator\">Pruebe el generador de rese\u00f1as<\/a><\/div>\r\n<div class=\"wp-block-button is-style-outline\"><a class=\"wp-block-button__link wp-element-button is-layout-flow wp-block-group-is-layout-flow\" href=\"\/es\/csv-templates\/\">Plantillas CSV<\/a><\/div>\r\n<\/div>\r\n<!-- Hero image for Yoast: keyphrase in alt -->\r\n\r\n\r\n<figure class=\"wp-block-image aligncenter size-large\" style=\"margin-top: 20px;\"><img decoding=\"async\" src=\"https:\/\/via.placeholder.com\/1200x520.png?text=WooCommerce+Product+Reviews+Generator\" alt=\"Interfaz del generador de rese\u00f1as de productos de WooCommerce con opciones de CSV e IA\" \/><\/figure>\r\n\r\n<p class=\"has-small-font-size\">Tambi\u00e9n disponible: <a href=\"\/es\/woocommerce-random-orders-generator\/\">Generador de Pedidos Aleatorios WooCommerce<\/a> - <a href=\"\/es\/woocommerce-bulk-coupons-generator\/\">Generador de cupones masivos WooCommerce<\/a><\/p>\r\n<\/div>\r\n<\/div>\r\n<!-- ================== WHAT CSVWORKS DOES ================== -->\r\n\r\n\r\n<div class=\"wp-block-group alignfull is-layout-flow wp-block-group-is-layout-flow\" style=\"padding-top: 40px; padding-bottom: 26px;\">\r\n<div class=\"wp-block-group alignwide\">\r\n<h2>Qu\u00e9 hace un generador de rese\u00f1as de productos de WooCommerce<\/h2>\r\n<ul>\r\n<li><strong>Creaci\u00f3n masiva de rese\u00f1as a partir de CSV<\/strong> (autor, calificaci\u00f3n, fecha, contenido, mapa del producto).<\/li>\r\n<li><strong>Generar texto de revisi\u00f3n con IA<\/strong> (controles de longitud\/tono) y, a continuaci\u00f3n, apruebe con un solo clic.<\/li>\r\n<li>Valores predeterminados seguros para los datos de puesta en escena\/demo; etiquetas claras para la moderaci\u00f3n.<\/li>\r\n<li>Compatible con <a href=\"https:\/\/wordpress.org\/plugins\/product-import-export-for-woo\/\" target=\"_blank\" rel=\"noopener\">WebToffee Importaci\u00f3n\/Exportaci\u00f3n<\/a> para una importaci\u00f3n sin problemas.<\/li>\r\n<\/ul>\r\n<\/div>\r\n<\/div>\r\n<!-- ================== WHY SEED REVIEWS ================== -->\r\n\r\n\r\n<div class=\"wp-block-group alignfull has-border-color has-light-gray-border-color\" style=\"border-top-width: 1px; border-bottom-width: 1px; padding-top: 20px; padding-bottom: 20px;\">\r\n<div class=\"wp-block-group alignwide is-layout-flow wp-block-group-is-layout-flow\">\r\n<h2>\u00bfPor qu\u00e9 sembrar rese\u00f1as con un generador de rese\u00f1as de productos de WooCommerce?<\/h2>\r\n<p>Acelere el lanzamiento de nuevos productos y las migraciones, proporcione a los compradores comentarios estructurados (pros\/contras, puntuaciones con estrellas) y mantenga el control aprobando\/rechazando antes de publicar. Las opiniones realistas ayudan a que la comercializaci\u00f3n, los filtros y las facetas de b\u00fasqueda funcionen como es debido en el momento de la puesta en marcha.<\/p>\r\n<!-- supporting image -->\r\n\r\n\r\n<figure class=\"wp-block-image aligncenter size-large\"><img decoding=\"async\" src=\"https:\/\/via.placeholder.com\/960x420.png?text=Seed+Reviews+for+WooCommerce\" alt=\"Rese\u00f1as de semillas en WooCommerce usando un generador de rese\u00f1as de productos para mejorar la calidad del lanzamiento\" \/><\/figure>\r\n<\/div>\r\n<\/div>\r\n<!-- ================== HOW IT WORKS ================== -->\r\n\r\n\r\n<div class=\"wp-block-group alignfull is-layout-flow wp-block-group-is-layout-flow\" style=\"padding-top: 26px; padding-bottom: 26px;\">\r\n<div class=\"wp-block-group alignwide\">\r\n<h2>C\u00f3mo funciona el generador de rese\u00f1as AI de WooCommerce<\/h2>\r\n<ul>\r\n<li>Exporte o prepare un CSV de revisiones (o haga clic en \"Generar con AI\").<\/li>\r\n<li>Asigne campos \u2192 ID de producto\/SKU \u2192 vista previa para comprobar la precisi\u00f3n.<\/li>\r\n<li>Importar a WooCommerce con <a href=\"https:\/\/www.webtoffee.com\/product\/woocommerce-product-import-export-plugin\/\" target=\"_blank\" rel=\"noopener\">WebToffee Importaci\u00f3n\/Exportaci\u00f3n<\/a>.<\/li>\r\n<\/ul>\r\n<p class=\"is-style-subtext\">Consejo: utilice ID para la asignaci\u00f3n de productos siempre que sea posible para reducir los errores de reasignaci\u00f3n e importaci\u00f3n.<\/p>\r\n<\/div>\r\n<\/div>\r\n<!-- ================== LIVE GENERATOR SHORTCODE ================== -->\r\n\r\n\r\n<div id=\"reviews-generator\" class=\"wp-block-group alignfull has-light-gray-background-color has-background\" style=\"padding-top: 30px; padding-bottom: 30px;\">\r\n<div class=\"wp-block-group alignwide is-layout-flow wp-block-group-is-layout-flow\">\r\n<h2>Pruebe ahora el generador de rese\u00f1as de productos de WooCommerce<\/h2>\r\n<div class=\"notice notice-info\"><p><b>CSVWorks Reviews:<\/b> The generator is hidden in previews\/editors. View the published page to use it.<\/p><\/div>\n<\/div>\r\n<\/div>\r\n<!-- ================== RESOURCES ================== -->\r\n\r\n\r\n<div class=\"wp-block-group alignfull is-layout-flow wp-block-group-is-layout-flow\" style=\"padding-top: 28px; padding-bottom: 28px;\">\r\n<div class=\"wp-block-group alignwide\">\r\n<h2>Recursos y plantillas para revisiones<\/h2>\r\n<ul>\r\n<li><a href=\"\/es\/csv-templates\/\">Plantillas CSV<\/a> - Rese\u00f1as, pedidos, cupones.<\/li>\r\n<li><a href=\"\/es\/docs\/reviews-csv-template\/\">WooCommerce opiniones CSV plantilla<\/a><\/li>\r\n<li><a href=\"\/es\/docs\/import-woocommerce-reviews\/\">Importar opiniones WooCommerce desde CSV<\/a><\/li>\r\n<li><a href=\"\/es\/docs\/ai-reviews-generator-guide\/\">Gu\u00eda del generador de rese\u00f1as AI de WooCommerce<\/a><\/li>\r\n<\/ul>\r\n<\/div>\r\n<\/div>\r\n<!-- ================== FAQ (adds content + SEO) ================== -->\r\n\r\n\r\n<div class=\"wp-block-group alignfull has-border-color has-light-gray-border-color is-layout-flow wp-block-group-is-layout-flow\" style=\"border-top-width: 1px; padding-top: 20px; padding-bottom: 40px;\">\r\n<div class=\"wp-block-group alignwide\">\r\n<h2>Preguntas frecuentes sobre el generador de rese\u00f1as de productos de WooCommerce<\/h2>\r\n<h3>\u00bfPuedo importar rese\u00f1as existentes de otra tienda?<\/h3>\r\n<p>S\u00ed-exportar a CSV e importar a WooCommerce con nuestro mapeo. Siga los pasos en el <a href=\"\/es\/docs\/import-woocommerce-reviews\/\">gu\u00eda de importaci\u00f3n<\/a>.<\/p>\r\n<h3>\u00bfAparecer\u00e1n las estrellas en Google?<\/h3>\r\n<p>S\u00f3lo cuando el marcado de rese\u00f1as v\u00e1lido coincide con las rese\u00f1as visibles y Google decide mostrarlo. No a\u00f1adimos el marcado de rese\u00f1as en la p\u00e1gina de inicio.<\/p>\r\n<h3>\u00bfEsto es para cr\u00edticas falsas?<\/h3>\r\n<p>No. La herramienta admite la generaci\u00f3n de datos de demostraci\u00f3n\/prueba y las migraciones. Solo marca las rese\u00f1as que son reales y visibles.<\/p>\r\n<\/div>\r\n<\/div>\r\n\r\n<p>&nbsp;<\/p>","protected":false},"excerpt":{"rendered":"<p>What a WooCommerce Product Reviews Generator Does Bulk create reviews from CSV (author, rating, date, content, product mapping). Generate review text with AI (length\/tone controls), then approve with one click. Safe defaults for staging\/demo data; clear labels for moderation. Compatible with WebToffee Import\/Export for seamless import. How the WooCommerce AI Reviews Generator Works Export or [&hellip;]<\/p>","protected":false},"author":1,"featured_media":0,"parent":0,"menu_order":0,"comment_status":"closed","ping_status":"closed","template":"","meta":{"footnotes":""},"class_list":["post-1870","page","type-page","status-publish","hentry"],"yoast_head":"<!-- This site is optimized with the Yoast SEO plugin v25.8 - https:\/\/yoast.com\/wordpress\/plugins\/seo\/ -->\n<title>WooCommerce Product Reviews Generator | CSVWorks<\/title>\n<meta name=\"description\" content=\"Generate or import WooCommerce product reviews in bulk. CSVWorks also includes random orders and bulk coupons generators. WebToffee compatible\" \/>\n<meta name=\"robots\" content=\"index, follow, max-snippet:-1, max-image-preview:large, max-video-preview:-1\" \/>\n<link rel=\"canonical\" href=\"https:\/\/csvworks.com\/es\/\" \/>\n<meta property=\"og:locale\" content=\"es_ES\" \/>\n<meta property=\"og:type\" content=\"article\" \/>\n<meta property=\"og:title\" content=\"WooCommerce Product Reviews Generator | CSVWorks\" \/>\n<meta property=\"og:description\" content=\"Generate or import WooCommerce product reviews in bulk. CSVWorks also includes random orders and bulk coupons generators. WebToffee compatible\" \/>\n<meta property=\"og:url\" content=\"https:\/\/csvworks.com\/es\/\" \/>\n<meta property=\"og:site_name\" content=\"CSVWorks \u2013 WooCommerce Generators (Reviews, Orders, Coupons)\" \/>\n<meta property=\"article:modified_time\" content=\"2025-09-07T13:47:41+00:00\" \/>\n<meta property=\"og:image\" content=\"https:\/\/via.placeholder.com\/1200x520.png?text=WooCommerce+Product+Reviews+Generator\" \/>\n<meta name=\"twitter:card\" content=\"summary_large_image\" \/>\n<meta name=\"twitter:label1\" content=\"Tiempo de lectura\" \/>\n\t<meta name=\"twitter:data1\" content=\"2 minutos\" \/>\n<script type=\"application\/ld+json\" class=\"yoast-schema-graph\">{\"@context\":\"https:\/\/schema.org\",\"@graph\":[{\"@type\":\"WebPage\",\"@id\":\"https:\/\/csvworks.com\/\",\"url\":\"https:\/\/csvworks.com\/\",\"name\":\"WooCommerce Product Reviews Generator | CSVWorks\",\"isPartOf\":{\"@id\":\"https:\/\/csvworks.com\/#website\"},\"primaryImageOfPage\":{\"@id\":\"https:\/\/csvworks.com\/#primaryimage\"},\"image\":{\"@id\":\"https:\/\/csvworks.com\/#primaryimage\"},\"thumbnailUrl\":\"https:\/\/via.placeholder.com\/1200x520.png?text=WooCommerce+Product+Reviews+Generator\",\"datePublished\":\"2025-09-03T11:16:31+00:00\",\"dateModified\":\"2025-09-07T13:47:41+00:00\",\"description\":\"Generate or import WooCommerce product reviews in bulk. CSVWorks also includes random orders and bulk coupons generators. WebToffee compatible\",\"breadcrumb\":{\"@id\":\"https:\/\/csvworks.com\/#breadcrumb\"},\"inLanguage\":\"es\",\"potentialAction\":[{\"@type\":\"ReadAction\",\"target\":[\"https:\/\/csvworks.com\/\"]}]},{\"@type\":\"ImageObject\",\"inLanguage\":\"es\",\"@id\":\"https:\/\/csvworks.com\/#primaryimage\",\"url\":\"https:\/\/via.placeholder.com\/1200x520.png?text=WooCommerce+Product+Reviews+Generator\",\"contentUrl\":\"https:\/\/via.placeholder.com\/1200x520.png?text=WooCommerce+Product+Reviews+Generator\"},{\"@type\":\"BreadcrumbList\",\"@id\":\"https:\/\/csvworks.com\/#breadcrumb\",\"itemListElement\":[{\"@type\":\"ListItem\",\"position\":1,\"name\":\"Home\",\"item\":\"https:\/\/csvworks.com\/\"},{\"@type\":\"ListItem\",\"position\":2,\"name\":\"Home\"}]},{\"@type\":\"WebSite\",\"@id\":\"https:\/\/csvworks.com\/#website\",\"url\":\"https:\/\/csvworks.com\/\",\"name\":\"CSVWorks\",\"description\":\"Generate WooCommerce reviews, orders, and coupons in bulk with CSV.\",\"publisher\":{\"@id\":\"https:\/\/csvworks.com\/#organization\"},\"alternateName\":\"CSVWorks \u2013 WooCommerce Generators\",\"potentialAction\":[{\"@type\":\"SearchAction\",\"target\":{\"@type\":\"EntryPoint\",\"urlTemplate\":\"https:\/\/csvworks.com\/?s={search_term_string}\"},\"query-input\":{\"@type\":\"PropertyValueSpecification\",\"valueRequired\":true,\"valueName\":\"search_term_string\"}}],\"inLanguage\":\"es\"},{\"@type\":\"Organization\",\"@id\":\"https:\/\/csvworks.com\/#organization\",\"name\":\"CSVWorks\",\"url\":\"https:\/\/csvworks.com\/\",\"logo\":{\"@type\":\"ImageObject\",\"inLanguage\":\"es\",\"@id\":\"https:\/\/csvworks.com\/#\/schema\/logo\/image\/\",\"url\":\"https:\/\/csvworks.com\/wp-content\/uploads\/2025\/09\/LOGO-1.png\",\"contentUrl\":\"https:\/\/csvworks.com\/wp-content\/uploads\/2025\/09\/LOGO-1.png\",\"width\":1024,\"height\":1024,\"caption\":\"CSVWorks\"},\"image\":{\"@id\":\"https:\/\/csvworks.com\/#\/schema\/logo\/image\/\"}}]}<\/script>\n<!-- \/ Yoast SEO plugin. -->","yoast_head_json":{"title":"Generador de rese\u00f1as de productos de WooCommerce | CSVWorks","description":"Genera o importa rese\u00f1as de productos de WooCommerce en bloque. CSVWorks tambi\u00e9n incluye pedidos aleatorios y generadores de cupones en bloque. Compatible con WebToffee.","robots":{"index":"index","follow":"follow","max-snippet":"max-snippet:-1","max-image-preview":"max-image-preview:large","max-video-preview":"max-video-preview:-1"},"canonical":"https:\/\/csvworks.com\/es\/","og_locale":"es_ES","og_type":"article","og_title":"WooCommerce Product Reviews Generator | CSVWorks","og_description":"Generate or import WooCommerce product reviews in bulk. CSVWorks also includes random orders and bulk coupons generators. WebToffee compatible","og_url":"https:\/\/csvworks.com\/es\/","og_site_name":"CSVWorks \u2013 WooCommerce Generators (Reviews, Orders, Coupons)","article_modified_time":"2025-09-07T13:47:41+00:00","og_image":[{"url":"https:\/\/via.placeholder.com\/1200x520.png?text=WooCommerce+Product+Reviews+Generator","type":"","width":"","height":""}],"twitter_card":"summary_large_image","twitter_misc":{"Tiempo de lectura":"2 minutos"},"schema":{"@context":"https:\/\/schema.org","@graph":[{"@type":"WebPage","@id":"https:\/\/csvworks.com\/","url":"https:\/\/csvworks.com\/","name":"Generador de rese\u00f1as de productos de WooCommerce | CSVWorks","isPartOf":{"@id":"https:\/\/csvworks.com\/#website"},"primaryImageOfPage":{"@id":"https:\/\/csvworks.com\/#primaryimage"},"image":{"@id":"https:\/\/csvworks.com\/#primaryimage"},"thumbnailUrl":"https:\/\/via.placeholder.com\/1200x520.png?text=WooCommerce+Product+Reviews+Generator","datePublished":"2025-09-03T11:16:31+00:00","dateModified":"2025-09-07T13:47:41+00:00","description":"Genera o importa rese\u00f1as de productos de WooCommerce en bloque. CSVWorks tambi\u00e9n incluye pedidos aleatorios y generadores de cupones en bloque. Compatible con WebToffee.","breadcrumb":{"@id":"https:\/\/csvworks.com\/#breadcrumb"},"inLanguage":"es","potentialAction":[{"@type":"ReadAction","target":["https:\/\/csvworks.com\/"]}]},{"@type":"ImageObject","inLanguage":"es","@id":"https:\/\/csvworks.com\/#primaryimage","url":"https:\/\/via.placeholder.com\/1200x520.png?text=WooCommerce+Product+Reviews+Generator","contentUrl":"https:\/\/via.placeholder.com\/1200x520.png?text=WooCommerce+Product+Reviews+Generator"},{"@type":"BreadcrumbList","@id":"https:\/\/csvworks.com\/#breadcrumb","itemListElement":[{"@type":"ListItem","position":1,"name":"Home","item":"https:\/\/csvworks.com\/"},{"@type":"ListItem","position":2,"name":"Home"}]},{"@type":"WebSite","@id":"https:\/\/csvworks.com\/#website","url":"https:\/\/csvworks.com\/","name":"CSVWorks","description":"Genere rese\u00f1as, pedidos y cupones de WooCommerce de forma masiva con CSV.","publisher":{"@id":"https:\/\/csvworks.com\/#organization"},"alternateName":"CSVWorks \u2013 WooCommerce Generators","potentialAction":[{"@type":"SearchAction","target":{"@type":"EntryPoint","urlTemplate":"https:\/\/csvworks.com\/?s={search_term_string}"},"query-input":{"@type":"PropertyValueSpecification","valueRequired":true,"valueName":"search_term_string"}}],"inLanguage":"es"},{"@type":"Organization","@id":"https:\/\/csvworks.com\/#organization","name":"CSVWorks","url":"https:\/\/csvworks.com\/","logo":{"@type":"ImageObject","inLanguage":"es","@id":"https:\/\/csvworks.com\/#\/schema\/logo\/image\/","url":"https:\/\/csvworks.com\/wp-content\/uploads\/2025\/09\/LOGO-1.png","contentUrl":"https:\/\/csvworks.com\/wp-content\/uploads\/2025\/09\/LOGO-1.png","width":1024,"height":1024,"caption":"CSVWorks"},"image":{"@id":"https:\/\/csvworks.com\/#\/schema\/logo\/image\/"}}]}},"_hostinger_reach_plugin_has_subscription_block":false,"_hostinger_reach_plugin_is_elementor":false,"_links":{"self":[{"href":"https:\/\/csvworks.com\/es\/wp-json\/wp\/v2\/pages\/1870","targetHints":{"allow":["GET"]}}],"collection":[{"href":"https:\/\/csvworks.com\/es\/wp-json\/wp\/v2\/pages"}],"about":[{"href":"https:\/\/csvworks.com\/es\/wp-json\/wp\/v2\/types\/page"}],"author":[{"embeddable":true,"href":"https:\/\/csvworks.com\/es\/wp-json\/wp\/v2\/users\/1"}],"replies":[{"embeddable":true,"href":"https:\/\/csvworks.com\/es\/wp-json\/wp\/v2\/comments?post=1870"}],"version-history":[{"count":19,"href":"https:\/\/csvworks.com\/es\/wp-json\/wp\/v2\/pages\/1870\/revisions"}],"predecessor-version":[{"id":2107,"href":"https:\/\/csvworks.com\/es\/wp-json\/wp\/v2\/pages\/1870\/revisions\/2107"}],"wp:attachment":[{"href":"https:\/\/csvworks.com\/es\/wp-json\/wp\/v2\/media?parent=1870"}],"curies":[{"name":"wp","href":"https:\/\/api.w.org\/{rel}","templated":true}]}}